{"id":8506,"date":"2023-03-06T12:41:28","date_gmt":"2023-03-06T09:41:28","guid":{"rendered":"https:\/\/7bet.lt\/blogas\/?page_id=8506"},"modified":"2025-05-07T16:11:20","modified_gmt":"2025-05-07T13:11:20","slug":"eurovision-song-contest-favourites","status":"publish","type":"page","link":"https:\/\/7bet.co.uk\/blog\/eurovision-song-contest-favourites\/","title":{"rendered":"Eurovision Song Contest 2025 \u2013 Favourites"},"content":{"rendered":"<div class=\"wpb-content-wrapper\"><p>[vc_row][vc_column][vc_column_text]<strong>[vc_row][vc_column width=\"1\/3\"][vc_single_image image=\"15613\" img_size=\"full\" alignment=\"center\"][\/vc_column][vc_column width=\"2\/3\"][vc_column_text]\r\n<h1 style=\"font-size: 36px;\"><span style=\"color: #ffffff;\"><strong>Eurovision 2025: Favourites<\/strong><\/span><\/h1>\r\n<span style=\"color: #ffffff;\"><span style=\"font-weight: 400;\">One of the questions that fans of the Eurovision song contest want to know the answer to, even before the Semi-Finals, is \u2018Who are the Favourites?\u2019. On this site, you can find the list of performers who are leading the charts and are at the top of <\/span><span style=\"color: #18ae62;\"><a style=\"color: #18ae62;\" href=\"https:\/\/7bet.co.uk\/betting\/specials\/music\/eurovision-song-contest\"><span style=\"font-weight: 400;\">Eurovision odds<\/span><\/a><\/span><\/span><span style=\"font-weight: 400;\"><span style=\"color: #ffffff;\">. There are some dark horses worth getting to know as well.<\/span> <\/span>[\/vc_column_text][\/vc_column][\/vc_row]<style data-type=\"vc_shortcodes-custom-css\"><\/style><\/strong>[\/vc_column_text][vc_column_text]<strong>[vc_row][vc_column]\n\t\t\t<div id=\"widget-983\" class=\"widget_nav_mega_menu shortcode-mega-menu \">\n\n\t\t\t\t\n\t\t\t\t<div class=\"basel-navigation\">\n\t\t\t\t\t<div class=\"menu-eurovizija-2025-container\"><ul id=\"menu-eurovizija-2025\" class=\"menu\"><li id=\"menu-item-11780\" class=\"menu-item menu-item-type-post_type menu-item-object-page menu-item-11780 menu-item-design-default item-event-hover\"><a href=\"https:\/\/7bet.co.uk\/blog\/eurovision-semi-final-1\/\">Semi-Final 1<\/a><\/li>\n<li id=\"menu-item-11779\" class=\"menu-item menu-item-type-post_type menu-item-object-page menu-item-11779 menu-item-design-default item-event-hover\"><a href=\"https:\/\/7bet.co.uk\/blog\/eurovision-semi-final-2\/\">Semi-Final 2<\/a><\/li>\n<li id=\"menu-item-11778\" class=\"menu-item menu-item-type-post_type menu-item-object-page menu-item-11778 menu-item-design-default item-event-hover\"><a href=\"https:\/\/7bet.co.uk\/blog\/eurovision-song-contest-grand-final\/\">Grand Final<\/a><\/li>\n<li id=\"menu-item-11776\" class=\"menu-item menu-item-type-post_type menu-item-object-page menu-item-11776 menu-item-design-default item-event-hover\"><a href=\"https:\/\/7bet.co.uk\/blog\/eurovision-song-contest-favourites\/\">TOP 10<\/a><\/li>\n<li id=\"menu-item-15647\" class=\"menu-item menu-item-type-post_type menu-item-object-page menu-item-15647 menu-item-design-default item-event-hover\"><a href=\"https:\/\/7bet.co.uk\/blog\/eurovision-live\/\">Live<\/a><\/li>\n<\/ul><\/div>\t\t\t\t<\/div>\n\t\t\t<\/div>\n\n\t\t\t\n\t\t[\/vc_column][\/vc_row]<style data-type=\"vc_shortcodes-custom-css\"><\/style><\/strong>[\/vc_column_text][\/vc_column][\/vc_row][vc_row css=&#8221;.vc_custom_1649425791274{margin-top: 20px !important;}&#8221;][vc_column el_class=&#8221;eb-tournament&#8221;][vc_column_text el_class=&#8221;eb-table&#8221;]<\/p>\n<h2><span style=\"color: #ffffff;\"><b>Eurovision Favourites<\/b><\/span><\/h2>\n<table>\n<thead>\n<tr>\n<td style=\"text-align: center;\"><span style=\"font-weight: 400; color: #ffffff;\">Place<\/span><\/td>\n<td style=\"text-align: center;\"><span style=\"font-weight: 400; color: #ffffff;\">Country<\/span><\/td>\n<td style=\"text-align: center;\"><span style=\"color: #ffffff;\">Performer<\/span><\/td>\n<td style=\"text-align: center;\"><span style=\"color: #ffffff;\">Song Name<\/span><\/td>\n<\/tr>\n<\/thead>\n<tbody>\n<tr>\n<td style=\"text-align: center;\"><span style=\"color: #ffffff;\">1<\/span><\/td>\n<td style=\"text-align: left;\"><span style=\"color: #ffffff;\"><img loading=\"lazy\" decoding=\"async\" class=\"alignnone wp-image-2306\" src=\"https:\/\/7bet.lt\/blogas\/wp-content\/uploads\/2021\/06\/sweden-300x181.jpg\" alt=\"\u0160vedija\" width=\"60\" height=\"36\" srcset=\"https:\/\/7bet.co.uk\/blog\/wp-content\/uploads\/2021\/06\/sweden-300x181.jpg 300w, https:\/\/7bet.co.uk\/blog\/wp-content\/uploads\/2021\/06\/sweden-1024x617.jpg 1024w, https:\/\/7bet.co.uk\/blog\/wp-content\/uploads\/2021\/06\/sweden-768x463.jpg 768w, https:\/\/7bet.co.uk\/blog\/wp-content\/uploads\/2021\/06\/sweden.jpg 1500w\" sizes=\"auto, (max-width: 60px) 100vw, 60px\" \/>Sweden<\/span><\/td>\n<td style=\"text-align: center;\"><span style=\"color: #ffffff;\">\u00a0KAJ<\/span><\/td>\n<td style=\"text-align: center;\"><span style=\"color: #ffffff;\">Bara Bada Bastu<\/span><\/td>\n<\/tr>\n<tr>\n<td style=\"text-align: center;\"><span style=\"color: #ffffff;\">2<\/span><\/td>\n<td style=\"text-align: left;\"><span style=\"color: #ffffff;\"><img loading=\"lazy\" decoding=\"async\" class=\"alignnone wp-image-7275\" src=\"https:\/\/7bet.lt\/blogas\/wp-content\/uploads\/2022\/10\/Prancuzika-300x200.png\" alt=\"Prancuzija\" width=\"60\" height=\"40\" srcset=\"https:\/\/7bet.co.uk\/blog\/wp-content\/uploads\/2022\/10\/Prancuzika-300x200.png 300w, https:\/\/7bet.co.uk\/blog\/wp-content\/uploads\/2022\/10\/Prancuzika-1024x682.png 1024w, https:\/\/7bet.co.uk\/blog\/wp-content\/uploads\/2022\/10\/Prancuzika-768x512.png 768w, https:\/\/7bet.co.uk\/blog\/wp-content\/uploads\/2022\/10\/Prancuzika.png 1280w\" sizes=\"auto, (max-width: 60px) 100vw, 60px\" \/> France<\/span><\/td>\n<td style=\"text-align: center;\"><span style=\"color: #ffffff;\">Louane<\/span><\/td>\n<td style=\"text-align: center;\"><span style=\"color: #ffffff;\">maman<\/span><\/td>\n<\/tr>\n<tr>\n<td style=\"text-align: center;\"><span style=\"color: #ffffff;\">3<\/span><\/td>\n<td style=\"text-align: left;\"><span style=\"color: #ffffff;\"><img loading=\"lazy\" decoding=\"async\" class=\"alignnone wp-image-5405\" src=\"https:\/\/7bet.lt\/blogas\/wp-content\/uploads\/2022\/06\/Flags_Suomija.png\" alt=\"suomija sporto statymai 7bet la\u017eybos\" width=\"60\" height=\"40\" \/> Finland<\/span><\/td>\n<td style=\"text-align: center;\"><span style=\"color: #ffffff;\">Erika Vikman<\/span><\/td>\n<td style=\"text-align: center;\"><span style=\"color: #ffffff;\">\u201eIch komme\u201c<\/span><\/td>\n<\/tr>\n<tr>\n<td style=\"text-align: center;\"><span style=\"color: #ffffff;\">4<\/span><\/td>\n<td style=\"text-align: left;\"><span style=\"color: #ffffff;\"><img loading=\"lazy\" decoding=\"async\" class=\"alignnone wp-image-4105\" src=\"https:\/\/7bet.lt\/blogas\/wp-content\/uploads\/2022\/05\/nyderlandai.png\" alt=\"nyderlandai sporto statymai 7bet\" width=\"60\" height=\"40\" \/> <span style=\"font-weight: 400;\">Netherlands<\/span><\/span><\/td>\n<td style=\"text-align: center;\"><span style=\"color: #ffffff;\">Claude<\/span><\/td>\n<td style=\"text-align: center;\"><span style=\"color: #ffffff;\">&#8220;C&#8217;est La Vie&#8221;<\/span><\/td>\n<\/tr>\n<tr>\n<td style=\"text-align: center;\"><span style=\"color: #ffffff;\">5<\/span><\/td>\n<td style=\"text-align: left;\"><span style=\"color: #ffffff;\"><img loading=\"lazy\" decoding=\"async\" class=\"alignnone wp-image-4212\" src=\"https:\/\/7bet.lt\/blogas\/wp-content\/uploads\/2022\/05\/estijos-veliava-300x191.png\" alt=\"estija sporto statymai 7bet\" width=\"60\" height=\"38\" srcset=\"https:\/\/7bet.co.uk\/blog\/wp-content\/uploads\/2022\/05\/estijos-veliava-300x191.png 300w, https:\/\/7bet.co.uk\/blog\/wp-content\/uploads\/2022\/05\/estijos-veliava-1024x652.png 1024w, https:\/\/7bet.co.uk\/blog\/wp-content\/uploads\/2022\/05\/estijos-veliava-768x489.png 768w, https:\/\/7bet.co.uk\/blog\/wp-content\/uploads\/2022\/05\/estijos-veliava-1536x977.png 1536w, https:\/\/7bet.co.uk\/blog\/wp-content\/uploads\/2022\/05\/estijos-veliava.png 1886w\" sizes=\"auto, (max-width: 60px) 100vw, 60px\" \/> Estonia<\/span><\/td>\n<td style=\"text-align: center;\"><span style=\"color: #ffffff;\">Tommy Cash<\/span><\/td>\n<td style=\"text-align: center;\"><span style=\"color: #ffffff;\">&#8220;Espresso macchiato&#8221;<\/span><\/td>\n<\/tr>\n<tr>\n<td style=\"text-align: center;\"><span style=\"color: #ffffff;\">6<\/span><\/td>\n<td style=\"text-align: left;\"><span style=\"color: #ffffff;\"><img loading=\"lazy\" decoding=\"async\" class=\"alignnone wp-image-2302\" src=\"https:\/\/7bet.lt\/blogas\/wp-content\/uploads\/2021\/06\/austria.png\" alt=\"Austria euro2020\" width=\"60\" height=\"40\" \/> Austria<\/span><\/td>\n<td style=\"text-align: center;\"><span style=\"color: #ffffff;\">JJ<\/span><\/td>\n<td style=\"text-align: center;\"><span style=\"color: #ffffff;\">&#8220;Wasted Love&#8221;<\/span><\/td>\n<\/tr>\n<tr>\n<td style=\"text-align: center;\"><span style=\"color: #ffffff;\">7<\/span><\/td>\n<td style=\"text-align: left;\"><span style=\"color: #ffffff;\"><img loading=\"lazy\" decoding=\"async\" class=\"alignnone wp-image-13824\" src=\"https:\/\/7bet.lt\/blogas\/wp-content\/uploads\/2024\/05\/Cekija-300x200.png\" alt=\"\" width=\"60\" height=\"40\" \/> <span style=\"font-weight: 400;\">\u00a0Czechia<\/span><\/span><\/td>\n<td style=\"text-align: center;\"><span style=\"color: #ffffff;\">Adonxs<\/span><\/td>\n<td style=\"text-align: center;\"><span style=\"color: #ffffff;\">&#8220;Kiss Kiss Goodbye&#8221;<\/span><\/td>\n<\/tr>\n<tr>\n<td style=\"text-align: center;\"><span style=\"color: #ffffff;\">8<\/span><\/td>\n<td style=\"text-align: left;\"><span style=\"color: #ffffff;\"><img loading=\"lazy\" decoding=\"async\" class=\"alignnone wp-image-4215\" src=\"https:\/\/7bet.lt\/blogas\/wp-content\/uploads\/2022\/05\/izraelio-veliava.png\" alt=\"izraelis 7bet sporto statymai la\u017eybos krep\u0161inis futbolas\" width=\"60\" height=\"44\" \/> Israel<\/span><\/td>\n<td style=\"text-align: center;\"><span style=\"color: #ffffff;\">Yuval Raphael<\/span><\/td>\n<td style=\"text-align: center;\"><span style=\"color: #ffffff;\">New Day Will Rise<\/span><\/td>\n<\/tr>\n<tr>\n<td style=\"text-align: center;\"><span style=\"color: #ffffff;\">9<\/span><\/td>\n<td style=\"text-align: left;\"><span style=\"color: #ffffff;\"><img loading=\"lazy\" decoding=\"async\" class=\"alignnone wp-image-4158\" src=\"https:\/\/7bet.lt\/blogas\/wp-content\/uploads\/2022\/05\/Belgija.png\" alt=\"\" width=\"60\" height=\"40\" \/> Belgium<\/span><\/td>\n<td style=\"text-align: center;\"><span style=\"color: #ffffff;\">Red Sebastian<\/span><\/td>\n<td style=\"text-align: center;\"><span style=\"color: #ffffff;\">&#8220;Strobe Lights&#8221;<\/span><\/td>\n<\/tr>\n<\/tbody>\n<\/table>\n<p><span style=\"font-weight: 400; color: #ffffff;\">With the Eurovision Song Contest of 2025 rapidly approaching, excitement builds around some of the top expected performances. Our experts will provide you with a helpful list of 2025 Eurovision favourites across both semis and the Big Five, along with a short look at how early book favourites have done in recent contests.<\/span><\/p>\n<p>&nbsp;<\/p>\n<h3><span style=\"color: #ffffff;\"><strong>Favourites in the Eurovision 2025 First Semi-Final<\/strong><\/span><\/h3>\n<p><span style=\"color: #ffffff;\"><span style=\"font-weight: 400;\">In this <\/span><span style=\"color: #18ae62;\"><a style=\"color: #18ae62;\" href=\"https:\/\/7bet.co.uk\/blog\/eurovision-semi-final-1\/\"><span style=\"font-weight: 400;\">first Semi-Final<\/span><\/a><\/span><span style=\"font-weight: 400;\">, a few notable performances stand out in early bookmaker odds and are also in the TOP 10 for outright picks for the entire contest. They are<\/span><\/span><\/p>\n<ul>\n<li style=\"font-weight: 400;\" aria-level=\"1\"><span style=\"color: #ffffff;\"><b>Quirky and Fun Sweden<\/b><span style=\"font-weight: 400;\">: KAJ \u2013 \u201cBara Bada Bastu\u201d<\/span><\/span><\/li>\n<li style=\"font-weight: 400;\" aria-level=\"1\"><span style=\"color: #ffffff;\"><b>Smooth and Elegant Netherlands<\/b><span style=\"font-weight: 400;\">: Claude \u2013 \u201cC\u2019est La Vie\u201d<\/span><\/span><\/li>\n<li style=\"font-weight: 400;\" aria-level=\"1\"><span style=\"color: #ffffff;\"><b>Light and Memorable Estonia<\/b><span style=\"font-weight: 400;\">: Tommy Cash \u2013 \u201cEspresso Macchiato\u201d<\/span><\/span><\/li>\n<li style=\"font-weight: 400;\" aria-level=\"1\"><span style=\"color: #ffffff;\"><b>Exciting and Flashy Belgium: <\/b><span style=\"font-weight: 400;\">Red Sebastian \u2013 \u201cStrobe Lights\u201d<\/span><\/span><\/li>\n<\/ul>\n<p><span style=\"font-weight: 400; color: #ffffff;\">These four performances are all in the TOP 9 with early polls. However, San Marino, Ukraine, Cyprus and Albania can deliver excellent results. With a few more nations as capable underdogs, don\u2019t count anyone out in the First Semi-Final just yet.<\/span><\/p>\n<p>&nbsp;<\/p>\n<h3><span style=\"color: #ffffff;\"><strong>Favourites in the Eurovision 2025 Second Semi-Final<\/strong><\/span><\/h3>\n<p><span style=\"color: #ffffff;\"><span style=\"font-weight: 400;\">There are 16 participants in <\/span><span style=\"color: #18ae62;\"><a style=\"color: #18ae62;\" href=\"https:\/\/7bet.co.uk\/blog\/eurovision-semi-final-2\/\"><span style=\"font-weight: 400;\">the second Semi-Final<\/span><\/a><\/span><span style=\"font-weight: 400;\">, making it even more competitive than the first one. With less clear-cut favourites, this Semi-Final seems even more evenly matched. Let\u2019s see who the odds see as leaders of this pack.<\/span><\/span><\/p>\n<ul>\n<li style=\"font-weight: 400;\" aria-level=\"1\"><span style=\"color: #ffffff;\"><b>Sensual and Melancholic Austria<\/b><span style=\"font-weight: 400;\">: JJ \u2013 \u201cWasted Love\u201d<\/span><\/span><\/li>\n<li style=\"font-weight: 400;\" aria-level=\"1\"><span style=\"color: #ffffff;\"><b>Provocative and Unapologetic Finland<\/b><span style=\"font-weight: 400;\">: Erika Vikman \u2013 \u201cIch Komme\u201d<\/span><\/span><\/li>\n<li style=\"font-weight: 400;\" aria-level=\"1\"><span style=\"color: #ffffff;\"><b>Powerful and Memorable<\/b><span style=\"font-weight: 400;\">: Yuval Raphael \u2013 \u201cNew Day Will Rise\u201d<\/span><\/span><\/li>\n<li style=\"font-weight: 400;\" aria-level=\"1\"><span style=\"color: #ffffff;\"><b>Emotional and Deep: <\/b><span style=\"font-weight: 400;\">Adonxs \u2013 \u201cKiss Kiss Goodbye\u201d<\/span><\/span><\/li>\n<\/ul>\n<p><span style=\"font-weight: 400; color: #ffffff;\">Even though these four performances have great outright odds, Greece, Australia, Malta, and Ireland can also bring the thunder and get their ticket to the Grand Final. Don\u2019t miss the rehearsals and the Second Semi-Final live to get an authentic feel for who might advance further.<\/span><\/p>\n<p>&nbsp;<\/p>\n<h3><span style=\"color: #ffffff;\"><strong>Favourites from the \u2018Big Five\u2019 in the 2025 Eurovision<\/strong><\/span><\/h3>\n<p><span style=\"font-weight: 400; color: #ffffff;\">As early odds would indicate, there are two standout performances from the \u2018Big Five\u2019.<\/span><\/p>\n<p><span style=\"font-weight: 400; color: #ffffff;\">The first one is France\u2019s Louane with \u201cMaman\u201d. France holds the highest odds from the \u2018Big Five\u2019 and is found in most TOP 3s around the world. The United Kingdom is the second one with Remember Monday and their engaging display \u201cWhat the Hell Just Happened?\u201d in second place from this list.<\/span><\/p>\n<p><span style=\"font-weight: 400; color: #ffffff;\">However, the UK\u2019s performance is a general underdog, and only in the TOP 15 for outright picks, according to most bookmakers. This is much lower than France, but still the second best from this group.<\/span><\/p>\n<p>&nbsp;<\/p>\n<h2><span style=\"color: #ffffff;\"><b>How Early Favourites Fared in Past Eurovision Song Contests?<\/b><\/span><\/h2>\n<p><span style=\"font-weight: 400; color: #ffffff;\">Let\u2019s look at the past three Eurovisions (2022, 2023 and 2024) to see whether bookmaker odds are always right.<\/span><\/p>\n<p><span style=\"font-weight: 400; color: #ffffff;\">In 2022, Ukraine\u2019s Kalush Orchestra was an early favourite and won the contest. They were given a 60-63 % chance at victory and delivered.<\/span><\/p>\n<p><span style=\"font-weight: 400; color: #ffffff;\">In 2023, Sweden\u2019s Loreen and Finland\u2019s K\u00e4\u00e4rij\u00e4 were at the top. Yet, Loreen was a larger favourite with a 48-53 % chance at victory and once again, delivered on the promise.<\/span><\/p>\n<p><span style=\"font-weight: 400; color: #ffffff;\">However, 2024 brought an entirely different story. In early polls, Croatia\u2019s Baby Lasagna and Israel\u2019s Eden Golan were hailed as favourites with 52 % and 16 % chances at victory, respectively. However, what ended up happening was that the 3rd place favourite, Nemo from Switzerland, jumped past both of them en route to victory. This proved that even bookmaker lists can be wrong.<\/span><\/p>\n<p><span style=\"font-weight: 400; color: #ffffff;\">So, always make your betting picks responsibly and don\u2019t forget to watch the ESC 2025 live to get a feel for every performance.\u00a0<\/span><\/p>\n<p>&nbsp;<\/p>\n<p><em><span style=\"color: #ffffff;\"><b>Betting is only available to participants above 18 years. Please bet responsibly. BeGambleAware.org<\/b><\/span><\/em>[\/vc_column_text][\/vc_column][\/vc_row][vc_row][vc_column][vc_column_text][\/vc_column_text][\/vc_column][\/vc_row]<\/p>\n<\/div>","protected":false},"excerpt":{"rendered":"<p>[vc_row][vc_column][vc_column_text][\/vc_column_text][vc_column_text][\/vc_column_text][\/vc_column][\/vc_row][vc_row css=&#8221;.vc_custom_1649425791274{margin-top: 20px !important;}&#8221;][vc_column el_class=&#8221;eb-tournament&#8221;][vc_column_text el_class=&#8221;eb-table&#8221;] Eurovision Favourites Place Country Performer Song Name 1 Sweden \u00a0KAJ Bara Bada Bastu 2<\/p>\n","protected":false},"author":7,"featured_media":8540,"parent":0,"menu_order":0,"comment_status":"closed","ping_status":"closed","template":"","meta":{"footnotes":""},"class_list":["post-8506","page","type-page","status-publish","has-post-thumbnail","hentry"],"yoast_head":"<!-- This site is optimized with the Yoast SEO plugin v26.7 - https:\/\/yoast.com\/wordpress\/plugins\/seo\/ -->\n<title>Eurovision Song Contest 2025 \u2013 Favourites - 7bet.co.uk<\/title>\n<meta name=\"description\" content=\"7bet presents the Eurovision Song Contest 2025 favourites or TOP 10 artists who, according to media, have the highest possibility of winning.\" \/>\n<meta name=\"robots\" content=\"index, follow, max-snippet:-1, max-image-preview:large, max-video-preview:-1\" \/>\n<link rel=\"canonical\" href=\"https:\/\/7bet.co.uk\/blog\/eurovision-song-contest-favourites\/\" \/>\n<meta property=\"og:locale\" content=\"en_US\" \/>\n<meta property=\"og:type\" content=\"article\" \/>\n<meta property=\"og:title\" content=\"Eurovision Song Contest 2025 \u2013 Favourites - 7bet.co.uk\" \/>\n<meta property=\"og:description\" content=\"7bet presents the Eurovision Song Contest 2025 favourites or TOP 10 artists who, according to media, have the highest possibility of winning.\" \/>\n<meta property=\"og:url\" content=\"https:\/\/7bet.co.uk\/blog\/eurovision-song-contest-favourites\/\" \/>\n<meta property=\"og:site_name\" content=\"7bet blog\" \/>\n<meta property=\"article:modified_time\" content=\"2025-05-07T13:11:20+00:00\" \/>\n<meta property=\"og:image\" content=\"https:\/\/7bet.co.uk\/blog\/wp-content\/uploads\/2023\/03\/Eurovizija.png\" \/>\n\t<meta property=\"og:image:width\" content=\"225\" \/>\n\t<meta property=\"og:image:height\" content=\"225\" \/>\n\t<meta property=\"og:image:type\" content=\"image\/png\" \/>\n<meta name=\"twitter:card\" content=\"summary_large_image\" \/>\n<meta name=\"twitter:label1\" content=\"Est. reading time\" \/>\n\t<meta name=\"twitter:data1\" content=\"5 minutes\" \/>\n<!-- \/ Yoast SEO plugin. -->","yoast_head_json":{"title":"Eurovision Song Contest 2025 \u2013 Favourites - 7bet.co.uk","description":"7bet presents the Eurovision Song Contest 2025 favourites or TOP 10 artists who, according to media, have the highest possibility of winning.","robots":{"index":"index","follow":"follow","max-snippet":"max-snippet:-1","max-image-preview":"max-image-preview:large","max-video-preview":"max-video-preview:-1"},"canonical":"https:\/\/7bet.co.uk\/blog\/eurovision-song-contest-favourites\/","og_locale":"en_US","og_type":"article","og_title":"Eurovision Song Contest 2025 \u2013 Favourites - 7bet.co.uk","og_description":"7bet presents the Eurovision Song Contest 2025 favourites or TOP 10 artists who, according to media, have the highest possibility of winning.","og_url":"https:\/\/7bet.co.uk\/blog\/eurovision-song-contest-favourites\/","og_site_name":"7bet blog","article_modified_time":"2025-05-07T13:11:20+00:00","og_image":[{"width":225,"height":225,"url":"https:\/\/7bet.co.uk\/blog\/wp-content\/uploads\/2023\/03\/Eurovizija.png","type":"image\/png"}],"twitter_card":"summary_large_image","twitter_misc":{"Est. reading time":"5 minutes"},"schema":{"@context":"https:\/\/schema.org","@graph":[{"@type":"WebPage","@id":"https:\/\/7bet.co.uk\/blog\/eurovision-song-contest-favourites\/","url":"https:\/\/7bet.co.uk\/blog\/eurovision-song-contest-favourites\/","name":"Eurovision Song Contest 2025 \u2013 Favourites - 7bet.co.uk","isPartOf":{"@id":"https:\/\/7bet.co.uk\/blog\/#website"},"primaryImageOfPage":{"@id":"https:\/\/7bet.co.uk\/blog\/eurovision-song-contest-favourites\/#primaryimage"},"image":{"@id":"https:\/\/7bet.co.uk\/blog\/eurovision-song-contest-favourites\/#primaryimage"},"thumbnailUrl":"https:\/\/7bet.co.uk\/blog\/wp-content\/uploads\/2023\/03\/Eurovizija.png","datePublished":"2023-03-06T09:41:28+00:00","dateModified":"2025-05-07T13:11:20+00:00","description":"7bet presents the Eurovision Song Contest 2025 favourites or TOP 10 artists who, according to media, have the highest possibility of winning.","breadcrumb":{"@id":"https:\/\/7bet.co.uk\/blog\/eurovision-song-contest-favourites\/#breadcrumb"},"inLanguage":"en-US","potentialAction":[{"@type":"ReadAction","target":["https:\/\/7bet.co.uk\/blog\/eurovision-song-contest-favourites\/"]}]},{"@type":"ImageObject","inLanguage":"en-US","@id":"https:\/\/7bet.co.uk\/blog\/eurovision-song-contest-favourites\/#primaryimage","url":"https:\/\/7bet.co.uk\/blog\/wp-content\/uploads\/2023\/03\/Eurovizija.png","contentUrl":"https:\/\/7bet.co.uk\/blog\/wp-content\/uploads\/2023\/03\/Eurovizija.png","width":225,"height":225,"caption":"Eurovizijos antras pusfinalis dalyviai"},{"@type":"BreadcrumbList","@id":"https:\/\/7bet.co.uk\/blog\/eurovision-song-contest-favourites\/#breadcrumb","itemListElement":[{"@type":"ListItem","position":1,"name":"Home","item":"https:\/\/7bet.co.uk\/blog\/"},{"@type":"ListItem","position":2,"name":"Eurovision Song Contest 2025 \u2013 Favourites"}]},{"@type":"WebSite","@id":"https:\/\/7bet.co.uk\/blog\/#website","url":"https:\/\/7bet.co.uk\/blog\/","name":"7bet blog","description":"","potentialAction":[{"@type":"SearchAction","target":{"@type":"EntryPoint","urlTemplate":"https:\/\/7bet.co.uk\/blog\/?s={search_term_string}"},"query-input":{"@type":"PropertyValueSpecification","valueRequired":true,"valueName":"search_term_string"}}],"inLanguage":"en-US"}]}},"_links":{"self":[{"href":"https:\/\/7bet.co.uk\/blog\/wp-json\/wp\/v2\/pages\/8506","targetHints":{"allow":["GET"]}}],"collection":[{"href":"https:\/\/7bet.co.uk\/blog\/wp-json\/wp\/v2\/pages"}],"about":[{"href":"https:\/\/7bet.co.uk\/blog\/wp-json\/wp\/v2\/types\/page"}],"author":[{"embeddable":true,"href":"https:\/\/7bet.co.uk\/blog\/wp-json\/wp\/v2\/users\/7"}],"replies":[{"embeddable":true,"href":"https:\/\/7bet.co.uk\/blog\/wp-json\/wp\/v2\/comments?post=8506"}],"version-history":[{"count":5,"href":"https:\/\/7bet.co.uk\/blog\/wp-json\/wp\/v2\/pages\/8506\/revisions"}],"predecessor-version":[{"id":15646,"href":"https:\/\/7bet.co.uk\/blog\/wp-json\/wp\/v2\/pages\/8506\/revisions\/15646"}],"wp:featuredmedia":[{"embeddable":true,"href":"https:\/\/7bet.co.uk\/blog\/wp-json\/wp\/v2\/media\/8540"}],"wp:attachment":[{"href":"https:\/\/7bet.co.uk\/blog\/wp-json\/wp\/v2\/media?parent=8506"}],"curies":[{"name":"wp","href":"https:\/\/api.w.org\/{rel}","templated":true}]}}