{"id":8504,"date":"2023-03-06T12:40:47","date_gmt":"2023-03-06T09:40:47","guid":{"rendered":"https:\/\/7bet.lt\/blogas\/?page_id=8504"},"modified":"2025-05-07T15:01:59","modified_gmt":"2025-05-07T12:01:59","slug":"eurovision-song-contest-qualifying-schedule","status":"publish","type":"page","link":"https:\/\/7bet.co.uk\/blog\/eurovision-song-contest-qualifying-schedule\/","title":{"rendered":"Eurovision Song Contest 2025 &#8211; Qualifying Schedule"},"content":{"rendered":"<div class=\"wpb-content-wrapper\"><p>[vc_row][vc_column][vc_column_text]<strong>[vc_row][vc_column width=\"1\/3\"][vc_single_image image=\"15613\" img_size=\"full\" alignment=\"center\"][\/vc_column][vc_column width=\"2\/3\"][vc_column_text]\r\n<h1 style=\"font-size: 36px;\"><span style=\"color: #ffffff;\"><strong>Eurovision 2025: Qualifying Schedule<\/strong><\/span><\/h1>\r\n<span style=\"font-weight: 400; color: #ffffff;\">Below is the qualification schedule for each participating country or their selected representative in the Eurovision Song Contest. This includes national selection events and internal announcements leading up to the final lineup.<\/span>\r\n\r\n[\/vc_column_text][\/vc_column][\/vc_row]<style data-type=\"vc_shortcodes-custom-css\"><\/style><\/strong>[\/vc_column_text][vc_column_text]<strong>[vc_row][vc_column]\n\t\t\t<div id=\"widget-726\" class=\"widget_nav_mega_menu shortcode-mega-menu \">\n\n\t\t\t\t\n\t\t\t\t<div class=\"basel-navigation\">\n\t\t\t\t\t<div class=\"menu-eurovizija-2025-container\"><ul id=\"menu-eurovizija-2025\" class=\"menu\"><li id=\"menu-item-11780\" class=\"menu-item menu-item-type-post_type menu-item-object-page menu-item-11780 menu-item-design-default item-event-hover\"><a href=\"https:\/\/7bet.co.uk\/blog\/eurovision-semi-final-1\/\">Semi-Final 1<\/a><\/li>\n<li id=\"menu-item-11779\" class=\"menu-item menu-item-type-post_type menu-item-object-page menu-item-11779 menu-item-design-default item-event-hover\"><a href=\"https:\/\/7bet.co.uk\/blog\/eurovision-semi-final-2\/\">Semi-Final 2<\/a><\/li>\n<li id=\"menu-item-11778\" class=\"menu-item menu-item-type-post_type menu-item-object-page menu-item-11778 menu-item-design-default item-event-hover\"><a href=\"https:\/\/7bet.co.uk\/blog\/eurovision-song-contest-grand-final\/\">Grand Final<\/a><\/li>\n<li id=\"menu-item-11777\" class=\"menu-item menu-item-type-post_type menu-item-object-page menu-item-11777 menu-item-design-default item-event-hover\"><a href=\"https:\/\/7bet.co.uk\/blog\/eurovision-song-contest-qualifying-schedule\/\">Qualifying Schedule<\/a><\/li>\n<li id=\"menu-item-11776\" class=\"menu-item menu-item-type-post_type menu-item-object-page menu-item-11776 menu-item-design-default item-event-hover\"><a href=\"https:\/\/7bet.co.uk\/blog\/eurovision-song-contest-favourites\/\">TOP 10<\/a><\/li>\n<li id=\"menu-item-11775\" class=\"menu-item menu-item-type-post_type menu-item-object-page menu-item-11775 menu-item-design-default item-event-hover\"><a href=\"https:\/\/7bet.co.uk\/blog\/eurovision-song-contest-historical-winners\/\">Historical Winners<\/a><\/li>\n<li id=\"menu-item-15647\" class=\"menu-item menu-item-type-post_type menu-item-object-page menu-item-15647 menu-item-design-default item-event-hover\"><a href=\"https:\/\/7bet.co.uk\/blog\/eurovision-live\/\">Live<\/a><\/li>\n<\/ul><\/div>\t\t\t\t<\/div>\n\t\t\t<\/div>\n\n\t\t\t\n\t\t[\/vc_column][\/vc_row]<style data-type=\"vc_shortcodes-custom-css\"><\/style><\/strong>[\/vc_column_text][\/vc_column][\/vc_row][vc_row css=&#8221;.vc_custom_1649425791274{margin-top: 20px !important;}&#8221;][vc_column][vc_row_inner][vc_column_inner][vc_column_text]<\/p>\n<h2>Eurovision Song Contest 2025 \u2013 Qualifying Schedule<\/h2>\n<p style=\"font: #fff;\">Here is the schedule of qualification for each of the participating countries or their selected representative for the contest:<\/p>\n<h3 style=\"font: #fff;\">Albania:<\/h3>\n<ul>\n<li style=\"font: #fff;\">Artist: Shkodra Elektronike<\/li>\n<li style=\"font: #fff;\">Song title: \u201cZjerm\u201d<\/li>\n<\/ul>\n<h3 style=\"font: #fff;\">Armenia:<\/h3>\n<ul>\n<li style=\"font: #fff;\">TBD<\/li>\n<\/ul>\n<h3 style=\"font: #fff;\">Australia:<\/h3>\n<ul>\n<li style=\"font: #fff;\">TBD<\/li>\n<\/ul>\n<h3 style=\"font: #fff;\">Austria:<\/h3>\n<ul>\n<li style=\"font: #fff;\">TBD<\/li>\n<\/ul>\n<h3 style=\"font: #fff;\">Azerbaijan:<\/h3>\n<ul>\n<li style=\"font: #fff;\">TBA January or February 2025<\/li>\n<\/ul>\n<h3 style=\"font: #fff;\">Belgium:<\/h3>\n<ul>\n<li style=\"font: #fff;\">February 1<\/li>\n<\/ul>\n<h3 style=\"font: #fff;\">Croatia:<\/h3>\n<ul>\n<li style=\"font: #fff;\">March 2<\/li>\n<\/ul>\n<h3 style=\"font: #fff;\">Cyprus:<\/h3>\n<ul>\n<li style=\"font: #fff;\">Artist: Theo Evan<\/li>\n<li style=\"font: #fff;\">Song title: still unknown<\/li>\n<\/ul>\n<h3 style=\"font: #fff;\">Czechia:<\/h3>\n<ul>\n<li style=\"font: #fff;\">Artist: Adonxs<\/li>\n<li style=\"font: #fff;\">Song title: still unknown<\/li>\n<\/ul>\n<h3 style=\"font: #fff;\">Denmark:<\/h3>\n<ul>\n<li style=\"font: #fff;\">March 1<\/li>\n<\/ul>\n<h3 style=\"font: #fff;\">Estonia:<\/h3>\n<ul>\n<li style=\"font: #fff;\">February 15<\/li>\n<\/ul>\n<h3 style=\"font: #fff;\">Finland:<\/h3>\n<ul>\n<li style=\"font: #fff;\">February 8<\/li>\n<\/ul>\n<h3 style=\"font: #fff;\">France:<\/h3>\n<ul>\n<li style=\"font: #fff;\">TBD<\/li>\n<\/ul>\n<h3 style=\"font: #fff;\">Georgia:<\/h3>\n<ul>\n<li style=\"font: #fff;\">TBD<\/li>\n<\/ul>\n<h3 style=\"font: #fff;\">Germany:<\/h3>\n<ul>\n<li style=\"font: #fff;\">March 1<\/li>\n<\/ul>\n<h3 style=\"font: #fff;\">Greece:<\/h3>\n<ul>\n<li style=\"font: #fff;\">January 30<\/li>\n<\/ul>\n<h3 style=\"font: #fff;\">Iceland:<\/h3>\n<ul>\n<li style=\"font: #fff;\">February 22<\/li>\n<\/ul>\n<h3 style=\"font: #fff;\">Ireland:<\/h3>\n<ul>\n<li style=\"font: #fff;\">February 7<\/li>\n<\/ul>\n<h3 style=\"font: #fff;\">Israel:<\/h3>\n<ul>\n<li style=\"font: #fff;\">Artist to be announced January 22, song to be announced in March<\/li>\n<\/ul>\n<h3 style=\"font: #fff;\">Italy:<\/h3>\n<ul>\n<li style=\"font: #fff;\">February 15<\/li>\n<\/ul>\n<h3 style=\"font: #fff;\">Latvia:<\/h3>\n<ul>\n<li style=\"font: #fff;\">February 8<\/li>\n<\/ul>\n<h3 style=\"font: #fff;\">Lithuania:<\/h3>\n<ul>\n<li style=\"font: #fff;\">February 15<\/li>\n<\/ul>\n<h3 style=\"font: #fff;\">Luxembourg:<\/h3>\n<ul>\n<li style=\"font: #fff;\">January 25<\/li>\n<\/ul>\n<h3 style=\"font: #fff;\">Malta:<\/h3>\n<ul>\n<li style=\"font: #fff;\">February 8<\/li>\n<\/ul>\n<h3 style=\"font: #fff;\">Moldova:<\/h3>\n<ul>\n<li style=\"font: #fff;\">February 22<\/li>\n<\/ul>\n<h3 style=\"font: #fff;\">Montenegro:<\/h3>\n<ul>\n<li style=\"font: #fff;\">Artist: Nina \u017di\u017ei\u010d<\/li>\n<li style=\"font: #fff;\">Song title: \u201cDobrodo\u0161li\u201c<\/li>\n<\/ul>\n<h3 style=\"font: #fff;\">The Netherlands:<\/h3>\n<ul>\n<li style=\"font: #fff;\">Artist: AVROTROS<\/li>\n<li style=\"font: #fff;\">Song title: \u201cClaude\u201d<\/li>\n<\/ul>\n<h3 style=\"font: #fff;\">Norway:<\/h3>\n<ul>\n<li style=\"font: #fff;\">February 15<\/li>\n<\/ul>\n<h3 style=\"font: #fff;\">Poland:<\/h3>\n<ul>\n<li style=\"font: #fff;\">February 14<\/li>\n<\/ul>\n<h3 style=\"font: #fff;\">Portugal:<\/h3>\n<ul>\n<li style=\"font: #fff;\">March 8<\/li>\n<\/ul>\n<h3 style=\"font: #fff;\">San Marino:<\/h3>\n<ul>\n<li style=\"font: #fff;\">March 8<\/li>\n<\/ul>\n<h3 style=\"font: #fff;\">Serbia:<\/h3>\n<ul>\n<li style=\"font: #fff;\">March 1<\/li>\n<\/ul>\n<h3 style=\"font: #fff;\">Slovenia:<\/h3>\n<ul>\n<li style=\"font: #fff;\">February 1<\/li>\n<\/ul>\n<h3 style=\"font: #fff;\">Spain:<\/h3>\n<ul>\n<li style=\"font: #fff;\">February 1<\/li>\n<\/ul>\n<h3 style=\"font: #fff;\">Sweden:<\/h3>\n<ul>\n<li style=\"font: #fff;\">March 8<\/li>\n<\/ul>\n<h3 style=\"font: #fff;\">Switzerland:<\/h3>\n<ul>\n<li style=\"font: #fff;\">TBD<\/li>\n<\/ul>\n<h3 style=\"font: #fff;\">Ukraine:<\/h3>\n<ul>\n<li style=\"font: #fff;\">February 8<\/li>\n<\/ul>\n<p>[\/vc_column_text][\/vc_column_inner][\/vc_row_inner][\/vc_column][\/vc_row][vc_row][vc_column][vc_column_text][\/vc_column_text][\/vc_column][\/vc_row][vc_row][vc_column][vc_column_text][\/vc_column_text][\/vc_column][\/vc_row]<\/p>\n<\/div>","protected":false},"excerpt":{"rendered":"<p>[vc_row][vc_column][vc_column_text][\/vc_column_text][vc_column_text][\/vc_column_text][\/vc_column][\/vc_row][vc_row css=&#8221;.vc_custom_1649425791274{margin-top: 20px !important;}&#8221;][vc_column][vc_row_inner][vc_column_inner][vc_column_text] Eurovision Song Contest 2025 \u2013 Qualifying Schedule Here is the schedule of qualification for each of<\/p>\n","protected":false},"author":7,"featured_media":8540,"parent":0,"menu_order":0,"comment_status":"closed","ping_status":"closed","template":"","meta":{"footnotes":""},"class_list":["post-8504","page","type-page","status-publish","has-post-thumbnail","hentry"],"yoast_head":"<!-- This site is optimized with the Yoast SEO plugin v26.7 - https:\/\/yoast.com\/wordpress\/plugins\/seo\/ -->\n<title>Eurovision Song Contest 2025 - Qualifying Schedule - 7bet.co.uk<\/title>\n<meta name=\"description\" content=\"7bet presents the qualifying schedules for the Eurovision Song Contest 2025. The 69th Eurovision will be held in Switzerland.\" \/>\n<meta name=\"robots\" content=\"index, follow, max-snippet:-1, max-image-preview:large, max-video-preview:-1\" \/>\n<link rel=\"canonical\" href=\"https:\/\/7bet.co.uk\/blog\/eurovision-song-contest-qualifying-schedule\/\" \/>\n<meta property=\"og:locale\" content=\"en_US\" \/>\n<meta property=\"og:type\" content=\"article\" \/>\n<meta property=\"og:title\" content=\"Eurovision Song Contest 2025 - Qualifying Schedule - 7bet.co.uk\" \/>\n<meta property=\"og:description\" content=\"7bet presents the qualifying schedules for the Eurovision Song Contest 2025. The 69th Eurovision will be held in Switzerland.\" \/>\n<meta property=\"og:url\" content=\"https:\/\/7bet.co.uk\/blog\/eurovision-song-contest-qualifying-schedule\/\" \/>\n<meta property=\"og:site_name\" content=\"7bet blog\" \/>\n<meta property=\"article:modified_time\" content=\"2025-05-07T12:01:59+00:00\" \/>\n<meta property=\"og:image\" content=\"https:\/\/7bet.co.uk\/blog\/wp-content\/uploads\/2023\/03\/Eurovizija.png\" \/>\n\t<meta property=\"og:image:width\" content=\"225\" \/>\n\t<meta property=\"og:image:height\" content=\"225\" \/>\n\t<meta property=\"og:image:type\" content=\"image\/png\" \/>\n<meta name=\"twitter:card\" content=\"summary_large_image\" \/>\n<meta name=\"twitter:label1\" content=\"Est. reading time\" \/>\n\t<meta name=\"twitter:data1\" content=\"1 minute\" \/>\n<!-- \/ Yoast SEO plugin. -->","yoast_head_json":{"title":"Eurovision Song Contest 2025 - Qualifying Schedule - 7bet.co.uk","description":"7bet presents the qualifying schedules for the Eurovision Song Contest 2025. The 69th Eurovision will be held in Switzerland.","robots":{"index":"index","follow":"follow","max-snippet":"max-snippet:-1","max-image-preview":"max-image-preview:large","max-video-preview":"max-video-preview:-1"},"canonical":"https:\/\/7bet.co.uk\/blog\/eurovision-song-contest-qualifying-schedule\/","og_locale":"en_US","og_type":"article","og_title":"Eurovision Song Contest 2025 - Qualifying Schedule - 7bet.co.uk","og_description":"7bet presents the qualifying schedules for the Eurovision Song Contest 2025. The 69th Eurovision will be held in Switzerland.","og_url":"https:\/\/7bet.co.uk\/blog\/eurovision-song-contest-qualifying-schedule\/","og_site_name":"7bet blog","article_modified_time":"2025-05-07T12:01:59+00:00","og_image":[{"width":225,"height":225,"url":"https:\/\/7bet.co.uk\/blog\/wp-content\/uploads\/2023\/03\/Eurovizija.png","type":"image\/png"}],"twitter_card":"summary_large_image","twitter_misc":{"Est. reading time":"1 minute"},"schema":{"@context":"https:\/\/schema.org","@graph":[{"@type":"WebPage","@id":"https:\/\/7bet.co.uk\/blog\/eurovision-song-contest-qualifying-schedule\/","url":"https:\/\/7bet.co.uk\/blog\/eurovision-song-contest-qualifying-schedule\/","name":"Eurovision Song Contest 2025 - Qualifying Schedule - 7bet.co.uk","isPartOf":{"@id":"https:\/\/7bet.co.uk\/blog\/#website"},"primaryImageOfPage":{"@id":"https:\/\/7bet.co.uk\/blog\/eurovision-song-contest-qualifying-schedule\/#primaryimage"},"image":{"@id":"https:\/\/7bet.co.uk\/blog\/eurovision-song-contest-qualifying-schedule\/#primaryimage"},"thumbnailUrl":"https:\/\/7bet.co.uk\/blog\/wp-content\/uploads\/2023\/03\/Eurovizija.png","datePublished":"2023-03-06T09:40:47+00:00","dateModified":"2025-05-07T12:01:59+00:00","description":"7bet presents the qualifying schedules for the Eurovision Song Contest 2025. The 69th Eurovision will be held in Switzerland.","breadcrumb":{"@id":"https:\/\/7bet.co.uk\/blog\/eurovision-song-contest-qualifying-schedule\/#breadcrumb"},"inLanguage":"en-US","potentialAction":[{"@type":"ReadAction","target":["https:\/\/7bet.co.uk\/blog\/eurovision-song-contest-qualifying-schedule\/"]}]},{"@type":"ImageObject","inLanguage":"en-US","@id":"https:\/\/7bet.co.uk\/blog\/eurovision-song-contest-qualifying-schedule\/#primaryimage","url":"https:\/\/7bet.co.uk\/blog\/wp-content\/uploads\/2023\/03\/Eurovizija.png","contentUrl":"https:\/\/7bet.co.uk\/blog\/wp-content\/uploads\/2023\/03\/Eurovizija.png","width":225,"height":225,"caption":"Eurovizijos antras pusfinalis dalyviai"},{"@type":"BreadcrumbList","@id":"https:\/\/7bet.co.uk\/blog\/eurovision-song-contest-qualifying-schedule\/#breadcrumb","itemListElement":[{"@type":"ListItem","position":1,"name":"Home","item":"https:\/\/7bet.co.uk\/blog\/"},{"@type":"ListItem","position":2,"name":"Eurovision Song Contest 2025 &#8211; Qualifying Schedule"}]},{"@type":"WebSite","@id":"https:\/\/7bet.co.uk\/blog\/#website","url":"https:\/\/7bet.co.uk\/blog\/","name":"7bet blog","description":"","potentialAction":[{"@type":"SearchAction","target":{"@type":"EntryPoint","urlTemplate":"https:\/\/7bet.co.uk\/blog\/?s={search_term_string}"},"query-input":{"@type":"PropertyValueSpecification","valueRequired":true,"valueName":"search_term_string"}}],"inLanguage":"en-US"}]}},"_links":{"self":[{"href":"https:\/\/7bet.co.uk\/blog\/wp-json\/wp\/v2\/pages\/8504","targetHints":{"allow":["GET"]}}],"collection":[{"href":"https:\/\/7bet.co.uk\/blog\/wp-json\/wp\/v2\/pages"}],"about":[{"href":"https:\/\/7bet.co.uk\/blog\/wp-json\/wp\/v2\/types\/page"}],"author":[{"embeddable":true,"href":"https:\/\/7bet.co.uk\/blog\/wp-json\/wp\/v2\/users\/7"}],"replies":[{"embeddable":true,"href":"https:\/\/7bet.co.uk\/blog\/wp-json\/wp\/v2\/comments?post=8504"}],"version-history":[{"count":5,"href":"https:\/\/7bet.co.uk\/blog\/wp-json\/wp\/v2\/pages\/8504\/revisions"}],"predecessor-version":[{"id":15629,"href":"https:\/\/7bet.co.uk\/blog\/wp-json\/wp\/v2\/pages\/8504\/revisions\/15629"}],"wp:featuredmedia":[{"embeddable":true,"href":"https:\/\/7bet.co.uk\/blog\/wp-json\/wp\/v2\/media\/8540"}],"wp:attachment":[{"href":"https:\/\/7bet.co.uk\/blog\/wp-json\/wp\/v2\/media?parent=8504"}],"curies":[{"name":"wp","href":"https:\/\/api.w.org\/{rel}","templated":true}]}}