{"id":11335,"date":"2023-09-22T13:04:03","date_gmt":"2023-09-22T10:04:03","guid":{"rendered":"https:\/\/7bet.lt\/blogas\/?page_id=10681"},"modified":"2025-09-18T12:20:13","modified_gmt":"2025-09-18T09:20:13","slug":"uefa-champions-league-standings","status":"publish","type":"page","link":"https:\/\/7bet.co.uk\/blog\/uefa-champions-league-standings\/","title":{"rendered":"UEFA Champions League \u2013 Standings"},"content":{"rendered":"<div class=\"wpb-content-wrapper\"><p><span style=\"color: #ffffff;\">[vc_row][vc_column][vc_column_text]<strong>[vc_row][vc_column width=\"1\/3\"][vc_single_image image=\"12238\" img_size=\"full\" alignment=\"center\"][\/vc_column][vc_column width=\"2\/3\"][vc_column_text]\r\n<h1 style=\"font-size: 36px;\"><span style=\"color: #ffffff;\">UEFA Champions League Standings<\/span><\/h1>\r\n<span style=\"color: #ffffff;\">Stay updated with the latest UEFA Champions League standings for the 2025\/26 season. Track how all 36 teams rank in the new league phase, follow points, wins, and draws, and see which clubs are on course for the knockout rounds.<\/span>[\/vc_column_text][\/vc_column][\/vc_row]<style data-type=\"vc_shortcodes-custom-css\"><\/style><\/strong>[\/vc_column_text][vc_column_text]<strong>[vc_row][vc_column]\n\t\t\t<div id=\"widget-780\" class=\"widget_nav_mega_menu shortcode-mega-menu \">\n\n\t\t\t\t\n\t\t\t\t<div class=\"basel-navigation\">\n\t\t\t\t\t<div class=\"menu-uefa-champions-league-container\"><ul id=\"menu-uefa-champions-league\" class=\"menu\"><li id=\"menu-item-12239\" class=\"menu-item menu-item-type-post_type menu-item-object-page menu-item-12239 menu-item-design-default item-event-hover\"><a href=\"https:\/\/7bet.co.uk\/blog\/uefa-champions-league-news\/\">News<\/a><\/li>\n<li id=\"menu-item-12240\" class=\"menu-item menu-item-type-post_type menu-item-object-page menu-item-12240 menu-item-design-default item-event-hover\"><a href=\"https:\/\/7bet.co.uk\/blog\/uefa-champions-league-standings\/\">Standings<\/a><\/li>\n<li id=\"menu-item-12241\" class=\"menu-item menu-item-type-post_type menu-item-object-page menu-item-12241 menu-item-design-default item-event-hover\"><a href=\"https:\/\/7bet.co.uk\/blog\/uefa-champions-league-schedule\/\">Schedule<\/a><\/li>\n<li id=\"menu-item-12243\" class=\"menu-item menu-item-type-post_type menu-item-object-page menu-item-12243 menu-item-design-default item-event-hover\"><a href=\"https:\/\/7bet.co.uk\/blog\/uefa-champions-league-live\/\">Live<\/a><\/li>\n<\/ul><\/div>\t\t\t\t<\/div>\n\t\t\t<\/div>\n\n\t\t\t\n\t\t[\/vc_column][\/vc_row]<style data-type=\"vc_shortcodes-custom-css\"><\/style><\/strong>[\/vc_column_text][\/vc_column][\/vc_row][vc_row css=&#8221;.vc_custom_1649425791274{margin-top: 20px !important;}&#8221;][vc_column el_class=&#8221;eb-tournament&#8221;][vc_column_text]<\/span><\/p>\n<h2><span style=\"color: #ffffff;\"><strong>UEFA Champions League 2025\/26 \u2013 Standings<\/strong><\/span><\/h2>\n<p><span style=\"color: #ffffff;\">[vc_raw_html]JTBBJTIwJTIwJTNDaWZyYW1lJTIwaWQlM0QlMjJzb2ZhLXN0YW5kaW5ncy1lbWJlZC0xMzgzMTQtNzY5NTMlMjIlMjBzcmMlM0QlMjJodHRwcyUzQSUyRiUyRndpZGdldHMuc29mYXNjb3JlLmNvbSUyRmVtYmVkJTJGdG91cm5hbWVudCUyRjEzODMxNCUyRnNlYXNvbiUyRjc2OTUzJTJGc3RhbmRpbmdzJTNGd2lkZ2V0VGl0bGUlM0RVRUZBJTJCQ2hhbXBpb25zJTJCTGVhZ3VlJTI2c2hvd0NvbXBldGl0aW9uTG9nbyUzRHRydWUlMjZ3aWRnZXRUaGVtZSUzRGRhcmslMjIlMjBmcmFtZWJvcmRlciUzRCUyMjAlMjIlMjBzY3JvbGxpbmclM0QlMjJubyUyMiUwQSUyMCUyMHN0eWxlJTNEJTIyaGVpZ2h0JTNBMTc2M3B4JTIxaW1wb3J0YW50JTNCbWF4LXdpZHRoJTNBNzY4cHglMjFpbXBvcnRhbnQlM0J3aWR0aCUzQTEwMCUyNSUyMWltcG9ydGFudCUzQiUyMiUzRSUzQyUyRmlmcmFtZSUzRQ==[\/vc_raw_html][\/vc_column][\/vc_row]<\/span><\/p>\n<p>&nbsp;<\/p>\n<h2 data-start=\"416\" data-end=\"443\"><span style=\"color: #ffffff;\">How the Standings Work<\/span><\/h2>\n<ul data-start=\"444\" data-end=\"725\">\n<li data-start=\"444\" data-end=\"488\">\n<p data-start=\"446\" data-end=\"488\"><span style=\"color: #ffffff;\"><strong data-start=\"446\" data-end=\"458\">36 teams<\/strong> compete in one large table.<\/span><\/p>\n<\/li>\n<li data-start=\"489\" data-end=\"584\">\n<p data-start=\"491\" data-end=\"584\"><span style=\"color: #ffffff;\">Each club plays <strong data-start=\"507\" data-end=\"524\">eight matches<\/strong>: four at home and four away, against different opponents.<\/span><\/p>\n<\/li>\n<li data-start=\"585\" data-end=\"661\">\n<p data-start=\"587\" data-end=\"661\"><span style=\"color: #ffffff;\"><strong data-start=\"587\" data-end=\"604\">Points system<\/strong>: 3 points for a win, 1 point for a draw, 0 for a loss.<\/span><\/p>\n<\/li>\n<li data-start=\"662\" data-end=\"725\">\n<p data-start=\"664\" data-end=\"725\"><span style=\"color: #ffffff;\">After all fixtures, the table ranks teams from 1st to 36th.<\/span><\/p>\n<\/li>\n<\/ul>\n<p data-start=\"727\" data-end=\"762\">\n<h2 data-start=\"727\" data-end=\"762\"><span style=\"color: #ffffff;\">Progression to Knockout Rounds<\/span><\/h2>\n<ul data-start=\"763\" data-end=\"969\">\n<li data-start=\"763\" data-end=\"822\">\n<p data-start=\"765\" data-end=\"822\"><span style=\"color: #ffffff;\"><strong data-start=\"765\" data-end=\"782\">1st\u20138th place<\/strong>: Advance directly to the Round of 16.<\/span><\/p>\n<\/li>\n<li data-start=\"823\" data-end=\"911\">\n<p data-start=\"825\" data-end=\"911\"><span style=\"color: #ffffff;\"><strong data-start=\"825\" data-end=\"843\">9th\u201324th place<\/strong>: Enter a two-legged play-off for the remaining Round of 16 spots.<\/span><\/p>\n<\/li>\n<li data-start=\"912\" data-end=\"969\">\n<p data-start=\"914\" data-end=\"969\"><span style=\"color: #ffffff;\"><strong data-start=\"914\" data-end=\"933\">25th\u201336th place<\/strong>: Eliminated from the competition.<\/span><\/p>\n<\/li>\n<\/ul>\n<p data-start=\"971\" data-end=\"1000\">\n<h2 data-start=\"971\" data-end=\"1000\"><span style=\"color: #ffffff;\">Why the Standings Matter<\/span><\/h2>\n<p data-start=\"1001\" data-end=\"1225\"><span style=\"color: #ffffff;\">The Champions League standings don\u2019t just decide who qualifies for the knockouts\u2014they also determine the difficulty of the path ahead. Finishing inside the top 8 is crucial, as it avoids the extra play-off round and ensures better seeding.<\/span><\/p>\n<p data-start=\"1001\" data-end=\"1225\">\n<h2 data-start=\"1227\" data-end=\"1272\"><span style=\"color: #ffffff;\">Key Factors That Influence the Standings<\/span><\/h2>\n<ul data-start=\"1273\" data-end=\"1569\">\n<li data-start=\"1273\" data-end=\"1384\">\n<p data-start=\"1275\" data-end=\"1384\"><span style=\"color: #ffffff;\"><strong data-start=\"1275\" data-end=\"1297\">Form &amp; Consistency<\/strong> \u2013 Clubs must maintain momentum across eight games against a wide range of opponents.<\/span><\/p>\n<\/li>\n<li data-start=\"1385\" data-end=\"1468\">\n<p data-start=\"1387\" data-end=\"1468\"><span style=\"color: #ffffff;\"><strong data-start=\"1387\" data-end=\"1406\">Goal Difference<\/strong> \u2013 Often the deciding factor when teams are level on points.<\/span><\/p>\n<\/li>\n<li data-start=\"1469\" data-end=\"1569\">\n<p data-start=\"1471\" data-end=\"1569\"><span style=\"color: #ffffff;\"><strong data-start=\"1471\" data-end=\"1495\">Head-to-Head Records<\/strong> \u2013 UEFA rules use head-to-head results to separate clubs tied in points.<\/span><\/p>\n<\/li>\n<\/ul>\n<p data-start=\"1571\" data-end=\"1619\">\n<h2 data-start=\"1571\" data-end=\"1619\"><span style=\"color: #ffffff;\">Follow Live UEFA Champions League Standings<\/span><\/h2>\n<p data-start=\"1620\" data-end=\"1879\"><span style=\"color: #ffffff;\">Check this page throughout the season for updated <a style=\"color: #ffffff;\" href=\"https:\/\/7bet.co.uk\/blog\/uefa-champions-league-news\/\">UEFA Champions League<\/a> standings, including points, wins, draws, losses, goals scored, and goal difference. Whether you\u2019re a fan or a bettor, staying on top of the table helps you track who\u2019s on course for European glory.<\/span><\/p>\n<p data-start=\"1620\" data-end=\"1879\">\n<h2><span style=\"color: #ffffff;\"><b>Favourites of the 2025\/26 UEFA Champions League<\/b><\/span><\/h2>\n<p><span style=\"color: #ffffff;\">The new season once again brings a wide pool of contenders. At least half a dozen clubs look strong enough to lift the trophy, making this campaign as unpredictable as ever. On the right night, any of these giants can outplay the rest, which only adds to the excitement.<\/span><\/p>\n<p>&nbsp;<\/p>\n<h3><span style=\"color: #ffffff;\"><b>Favourites<\/b><\/span><\/h3>\n<ul>\n<li><span style=\"color: #ffffff;\">PSG \u2013 the defending champions finally lifted their first-ever Champions League trophy last season. With a star-studded attack and renewed belief, Paris now aim to prove they can stay at the top.<\/span><\/li>\n<li><span style=\"color: #ffffff;\">Real Madrid \u2013 with Kylian Mbapp\u00e9, Vin\u00edcius J\u00fanior, Jude Bellingham, and Fede Valverde, Madrid remain the ultimate Champions League club, always dangerous when the pressure is on.<\/span><\/li>\n<li><span style=\"color: #ffffff;\">Barcelona \u2013 filled with young talent and a fluid attacking style, Bar\u00e7a are building momentum and could easily break through to the top this year.<\/span><\/li>\n<li><span style=\"color: #ffffff;\">Manchester City \u2013 Guardiola\u2019s side, led by Erling Haaland and Kevin De Bruyne, are still one of the most complete squads in Europe. Their depth and tactical brilliance make them a perennial favourite.<\/span><\/li>\n<li><span style=\"color: #ffffff;\">Arsenal \u2013 Arteta\u2019s tactical versatility, combined with a creative midfield and balanced structure, makes the Gunners a serious challenger on the European stage.<\/span><\/li>\n<li><span style=\"color: #ffffff;\">Liverpool \u2013 Arne Slot has brought new energy to Anfield, while Mo Salah continues to deliver at the highest level. Their Premier League form could translate into another deep European run.<\/span><\/li>\n<li><span style=\"color: #ffffff;\">Bayern Munich \u2013 Bundesliga dominance is nothing new, but Harry Kane\u2019s hunger for continental glory makes Bayern especially motivated this season.<\/span><\/li>\n<li><span style=\"color: #ffffff;\">Inter Milan \u2013 disciplined, defensive, and tactically sharp, Inter are a dark horse capable of upsetting any giant in knockout football.<\/span><\/li>\n<\/ul>\n<p>&nbsp;<\/p>\n<h2><span style=\"color: #ffffff;\"><strong>History of UEFA Champions Leagues since 2000<\/strong><\/span><\/h2>\n<p><span style=\"color: #ffffff;\">Let\u2019s look at the most successful teams of the UEFA Champions League in the past 25 years.<\/span><\/p>\n<table>\n<tbody>\n<tr>\n<td><strong><span style=\"color: #ffffff;\">#<\/span><\/strong><\/td>\n<td><strong><span style=\"color: #ffffff;\">Champions<\/span><\/strong><\/td>\n<td><strong><span style=\"color: #ffffff;\">Result<\/span><\/strong><\/td>\n<td><strong><span style=\"color: #ffffff;\">Runners-up<\/span><\/strong><\/td>\n<\/tr>\n<tr>\n<td><span style=\"font-weight: 400; color: #ffffff;\">2025<\/span><\/td>\n<td><span style=\"font-weight: 400; color: #ffffff;\">PSG<\/span><\/td>\n<td><span style=\"font-weight: 400; color: #ffffff;\">5:0<\/span><\/td>\n<td><span style=\"color: #ffffff;\">Inter Milan<\/span><\/td>\n<\/tr>\n<tr>\n<td><span style=\"font-weight: 400; color: #ffffff;\">2024<\/span><\/td>\n<td><span style=\"font-weight: 400; color: #ffffff;\">Real Madrid<\/span><\/td>\n<td><span style=\"font-weight: 400; color: #ffffff;\">2:0<\/span><\/td>\n<td><span style=\"font-weight: 400; color: #ffffff;\">Borussia Dortmund<\/span><\/td>\n<\/tr>\n<tr>\n<td><span style=\"font-weight: 400; color: #ffffff;\">2023<\/span><\/td>\n<td><span style=\"font-weight: 400; color: #ffffff;\">\u00a0Man City<\/span><\/td>\n<td><span style=\"font-weight: 400; color: #ffffff;\">1:0<\/span><\/td>\n<td><span style=\"font-weight: 400; color: #ffffff;\">Inter<\/span><\/td>\n<\/tr>\n<tr>\n<td><span style=\"font-weight: 400; color: #ffffff;\">2022<\/span><\/td>\n<td><span style=\"font-weight: 400; color: #ffffff;\">Real Madrid<\/span><\/td>\n<td><span style=\"font-weight: 400; color: #ffffff;\">1:0<\/span><\/td>\n<td><span style=\"font-weight: 400; color: #ffffff;\">Liverpool<\/span><\/td>\n<\/tr>\n<tr>\n<td><span style=\"font-weight: 400; color: #ffffff;\">2021<\/span><\/td>\n<td><span style=\"font-weight: 400; color: #ffffff;\">Chelsea<\/span><\/td>\n<td><span style=\"font-weight: 400; color: #ffffff;\">1:0<\/span><\/td>\n<td><span style=\"font-weight: 400; color: #ffffff;\">\u00a0Man City<\/span><\/td>\n<\/tr>\n<tr>\n<td><span style=\"font-weight: 400; color: #ffffff;\">2020<\/span><\/td>\n<td><span style=\"font-weight: 400; color: #ffffff;\">\u00a0Bayern<\/span><\/td>\n<td><span style=\"font-weight: 400; color: #ffffff;\">1:0<\/span><\/td>\n<td><span style=\"font-weight: 400; color: #ffffff;\">\u00a0PSG<\/span><\/td>\n<\/tr>\n<tr>\n<td><span style=\"font-weight: 400; color: #ffffff;\">2019<\/span><\/td>\n<td><span style=\"font-weight: 400; color: #ffffff;\">Liverpool<\/span><\/td>\n<td><span style=\"font-weight: 400; color: #ffffff;\">2:0<\/span><\/td>\n<td><span style=\"font-weight: 400; color: #ffffff;\">Tottenham<\/span><\/td>\n<\/tr>\n<tr>\n<td><span style=\"font-weight: 400; color: #ffffff;\">2018<\/span><\/td>\n<td><span style=\"font-weight: 400; color: #ffffff;\">Real Madrid<\/span><\/td>\n<td><span style=\"font-weight: 400; color: #ffffff;\">3:1<\/span><\/td>\n<td><span style=\"font-weight: 400; color: #ffffff;\">Liverpool<\/span><\/td>\n<\/tr>\n<tr>\n<td><span style=\"font-weight: 400; color: #ffffff;\">2017<\/span><\/td>\n<td><span style=\"font-weight: 400; color: #ffffff;\">Real Madrid<\/span><\/td>\n<td><span style=\"font-weight: 400; color: #ffffff;\">4:1<\/span><\/td>\n<td><span style=\"font-weight: 400; color: #ffffff;\">Juventus<\/span><\/td>\n<\/tr>\n<tr>\n<td><span style=\"font-weight: 400; color: #ffffff;\">2016<\/span><\/td>\n<td><span style=\"font-weight: 400; color: #ffffff;\">Real Madrid<\/span><\/td>\n<td><span style=\"font-weight: 400; color: #ffffff;\">1:1 (5-3p)<\/span><\/td>\n<td><span style=\"font-weight: 400; color: #ffffff;\">Atletico<\/span><\/td>\n<\/tr>\n<tr>\n<td><span style=\"font-weight: 400; color: #ffffff;\">2015<\/span><\/td>\n<td><span style=\"font-weight: 400; color: #ffffff;\">\u00a0Barcelona<\/span><\/td>\n<td><span style=\"font-weight: 400; color: #ffffff;\">3:1<\/span><\/td>\n<td><span style=\"font-weight: 400; color: #ffffff;\">Juventus<\/span><\/td>\n<\/tr>\n<tr>\n<td><span style=\"font-weight: 400; color: #ffffff;\">2014<\/span><\/td>\n<td><span style=\"font-weight: 400; color: #ffffff;\">Real Madrid<\/span><\/td>\n<td><span style=\"font-weight: 400; color: #ffffff;\">4:1<\/span><\/td>\n<td><span style=\"font-weight: 400; color: #ffffff;\">Atletico<\/span><\/td>\n<\/tr>\n<tr>\n<td><span style=\"font-weight: 400; color: #ffffff;\">2013<\/span><\/td>\n<td><span style=\"font-weight: 400; color: #ffffff;\">\u00a0Bayern<\/span><\/td>\n<td><span style=\"font-weight: 400; color: #ffffff;\">2:1<\/span><\/td>\n<td><span style=\"font-weight: 400; color: #ffffff;\">\u00a0Borussia<\/span><\/td>\n<\/tr>\n<tr>\n<td><span style=\"font-weight: 400; color: #ffffff;\">2012<\/span><\/td>\n<td><span style=\"font-weight: 400; color: #ffffff;\">Chelsea<\/span><\/td>\n<td><span style=\"font-weight: 400; color: #ffffff;\">1:1 (4-3p)<\/span><\/td>\n<td><span style=\"font-weight: 400; color: #ffffff;\">\u00a0Bayern<\/span><\/td>\n<\/tr>\n<tr>\n<td><span style=\"font-weight: 400; color: #ffffff;\">2011<\/span><\/td>\n<td><span style=\"font-weight: 400; color: #ffffff;\">Barcelona<\/span><\/td>\n<td><span style=\"font-weight: 400; color: #ffffff;\">3:1<\/span><\/td>\n<td><span style=\"font-weight: 400; color: #ffffff;\">\u00a0Man United<\/span><\/td>\n<\/tr>\n<tr>\n<td><span style=\"font-weight: 400; color: #ffffff;\">2010<\/span><\/td>\n<td><span style=\"font-weight: 400; color: #ffffff;\">Inter<\/span><\/td>\n<td><span style=\"font-weight: 400; color: #ffffff;\">2:0<\/span><\/td>\n<td><span style=\"font-weight: 400; color: #ffffff;\">\u00a0Bayern<\/span><\/td>\n<\/tr>\n<tr>\n<td><span style=\"font-weight: 400; color: #ffffff;\">2009<\/span><\/td>\n<td><span style=\"font-weight: 400; color: #ffffff;\">Barcelona<\/span><\/td>\n<td><span style=\"font-weight: 400; color: #ffffff;\">2:0<\/span><\/td>\n<td><span style=\"font-weight: 400; color: #ffffff;\">\u00a0Man United<\/span><\/td>\n<\/tr>\n<tr>\n<td><span style=\"font-weight: 400; color: #ffffff;\">2008<\/span><\/td>\n<td><span style=\"font-weight: 400; color: #ffffff;\">Man United<\/span><\/td>\n<td><span style=\"font-weight: 400; color: #ffffff;\">1:1 (6-5p)<\/span><\/td>\n<td><span style=\"font-weight: 400; color: #ffffff;\">\u00a0Chelsea<\/span><\/td>\n<\/tr>\n<tr>\n<td><span style=\"font-weight: 400; color: #ffffff;\">2007<\/span><\/td>\n<td><span style=\"font-weight: 400; color: #ffffff;\">AC Milan<\/span><\/td>\n<td><span style=\"font-weight: 400; color: #ffffff;\">2:1<\/span><\/td>\n<td><span style=\"font-weight: 400; color: #ffffff;\">Liverpool<\/span><\/td>\n<\/tr>\n<tr>\n<td><span style=\"font-weight: 400; color: #ffffff;\">2006<\/span><\/td>\n<td><span style=\"font-weight: 400; color: #ffffff;\">Barcelona<\/span><\/td>\n<td><span style=\"font-weight: 400; color: #ffffff;\">2:1<\/span><\/td>\n<td><span style=\"font-weight: 400; color: #ffffff;\">Arsenal<\/span><\/td>\n<\/tr>\n<tr>\n<td><span style=\"font-weight: 400; color: #ffffff;\">2005<\/span><\/td>\n<td><span style=\"font-weight: 400; color: #ffffff;\">Liverpool<\/span><\/td>\n<td><span style=\"font-weight: 400; color: #ffffff;\">3:3 (3-2p)<\/span><\/td>\n<td><span style=\"font-weight: 400; color: #ffffff;\">AC Milan<\/span><\/td>\n<\/tr>\n<tr>\n<td><span style=\"font-weight: 400; color: #ffffff;\">2004<\/span><\/td>\n<td><span style=\"font-weight: 400; color: #ffffff;\">Porto<\/span><\/td>\n<td><span style=\"font-weight: 400; color: #ffffff;\">3:0<\/span><\/td>\n<td><span style=\"font-weight: 400; color: #ffffff;\">AS Monaco<\/span><\/td>\n<\/tr>\n<tr>\n<td><span style=\"font-weight: 400; color: #ffffff;\">2003<\/span><\/td>\n<td><span style=\"font-weight: 400; color: #ffffff;\">AC Milan<\/span><\/td>\n<td><span style=\"font-weight: 400; color: #ffffff;\">0:0 (3-2p)<\/span><\/td>\n<td><span style=\"font-weight: 400; color: #ffffff;\">Juventus<\/span><\/td>\n<\/tr>\n<tr>\n<td><span style=\"font-weight: 400; color: #ffffff;\">2002<\/span><\/td>\n<td><span style=\"font-weight: 400; color: #ffffff;\">Real Madrid<\/span><\/td>\n<td><span style=\"font-weight: 400; color: #ffffff;\">2:1<\/span><\/td>\n<td><span style=\"font-weight: 400; color: #ffffff;\">Bayer Leverkusen<\/span><\/td>\n<\/tr>\n<tr>\n<td><span style=\"font-weight: 400; color: #ffffff;\">2001<\/span><\/td>\n<td><span style=\"font-weight: 400; color: #ffffff;\">Bayern<\/span><\/td>\n<td><span style=\"font-weight: 400; color: #ffffff;\">1:1 (5-4p)<\/span><\/td>\n<td><span style=\"font-weight: 400; color: #ffffff;\">Valencia<\/span><\/td>\n<\/tr>\n<tr>\n<td><span style=\"font-weight: 400; color: #ffffff;\">2000<\/span><\/td>\n<td><span style=\"font-weight: 400; color: #ffffff;\">Real Madrid<\/span><\/td>\n<td><span style=\"font-weight: 400; color: #ffffff;\">3:0<\/span><\/td>\n<td><span style=\"font-weight: 400; color: #ffffff;\">Valencia<\/span><\/td>\n<\/tr>\n<\/tbody>\n<\/table>\n<p>&nbsp;<\/p>\n<p><span style=\"color: #ffffff;\"><strong>Betting is only available to participants above 18 years. Please bet responsibly. BeGambleAware.org<\/strong><\/span><\/p>\n<p>&nbsp;<\/p>\n<\/div>","protected":false},"excerpt":{"rendered":"<p>[vc_row][vc_column][vc_column_text][\/vc_column_text][vc_column_text][\/vc_column_text][\/vc_column][\/vc_row][vc_row css=&#8221;.vc_custom_1649425791274{margin-top: 20px !important;}&#8221;][vc_column el_class=&#8221;eb-tournament&#8221;][vc_column_text] UEFA Champions League 2025\/26 \u2013 Standings [vc_raw_html]JTBBJTIwJTIwJTNDaWZyYW1lJTIwaWQlM0QlMjJzb2ZhLXN0YW5kaW5ncy1lbWJlZC0xMzgzMTQtNzY5NTMlMjIlMjBzcmMlM0QlMjJodHRwcyUzQSUyRiUyRndpZGdldHMuc29mYXNjb3JlLmNvbSUyRmVtYmVkJTJGdG91cm5hbWVudCUyRjEzODMxNCUyRnNlYXNvbiUyRjc2OTUzJTJGc3RhbmRpbmdzJTNGd2lkZ2V0VGl0bGUlM0RVRUZBJTJCQ2hhbXBpb25zJTJCTGVhZ3VlJTI2c2hvd0NvbXBldGl0aW9uTG9nbyUzRHRydWUlMjZ3aWRnZXRUaGVtZSUzRGRhcmslMjIlMjBmcmFtZWJvcmRlciUzRCUyMjAlMjIlMjBzY3JvbGxpbmclM0QlMjJubyUyMiUwQSUyMCUyMHN0eWxlJTNEJTIyaGVpZ2h0JTNBMTc2M3B4JTIxaW1wb3J0YW50JTNCbWF4LXdpZHRoJTNBNzY4cHglMjFpbXBvcnRhbnQlM0J3aWR0aCUzQTEwMCUyNSUyMWltcG9ydGFudCUzQiUyMiUzRSUzQyUyRmlmcmFtZSUzRQ==[\/vc_raw_html][\/vc_column][\/vc_row] &nbsp; How the Standings Work 36 teams compete<\/p>\n","protected":false},"author":7,"featured_media":10752,"parent":0,"menu_order":0,"comment_status":"closed","ping_status":"closed","template":"","meta":{"footnotes":""},"class_list":["post-11335","page","type-page","status-publish","has-post-thumbnail","hentry"],"yoast_head":"<!-- This site is optimized with the Yoast SEO plugin v26.7 - https:\/\/yoast.com\/wordpress\/plugins\/seo\/ -->\n<title>UEFA Champions League Standings - 7bet<\/title>\n<meta name=\"description\" content=\"Follow the 2025\/26 UEFA Champions League standings. Track all 36 teams in the new league phase, live table updates, results, and knockout race.\" \/>\n<meta name=\"robots\" content=\"index, follow, max-snippet:-1, max-image-preview:large, max-video-preview:-1\" \/>\n<link rel=\"canonical\" href=\"https:\/\/7bet.co.uk\/blog\/uefa-champions-league-standings\/\" \/>\n<meta property=\"og:locale\" content=\"en_US\" \/>\n<meta property=\"og:type\" content=\"article\" \/>\n<meta property=\"og:title\" content=\"UEFA Champions League Standings - 7bet\" \/>\n<meta property=\"og:description\" content=\"Follow the 2025\/26 UEFA Champions League standings. Track all 36 teams in the new league phase, live table updates, results, and knockout race.\" \/>\n<meta property=\"og:url\" content=\"https:\/\/7bet.co.uk\/blog\/uefa-champions-league-standings\/\" \/>\n<meta property=\"og:site_name\" content=\"7bet blog\" \/>\n<meta property=\"article:modified_time\" content=\"2025-09-18T09:20:13+00:00\" \/>\n<meta name=\"twitter:card\" content=\"summary_large_image\" \/>\n<meta name=\"twitter:label1\" content=\"Est. reading time\" \/>\n\t<meta name=\"twitter:data1\" content=\"3 minutes\" \/>\n<!-- \/ Yoast SEO plugin. -->","yoast_head_json":{"title":"UEFA Champions League Standings - 7bet","description":"Follow the 2025\/26 UEFA Champions League standings. Track all 36 teams in the new league phase, live table updates, results, and knockout race.","robots":{"index":"index","follow":"follow","max-snippet":"max-snippet:-1","max-image-preview":"max-image-preview:large","max-video-preview":"max-video-preview:-1"},"canonical":"https:\/\/7bet.co.uk\/blog\/uefa-champions-league-standings\/","og_locale":"en_US","og_type":"article","og_title":"UEFA Champions League Standings - 7bet","og_description":"Follow the 2025\/26 UEFA Champions League standings. Track all 36 teams in the new league phase, live table updates, results, and knockout race.","og_url":"https:\/\/7bet.co.uk\/blog\/uefa-champions-league-standings\/","og_site_name":"7bet blog","article_modified_time":"2025-09-18T09:20:13+00:00","twitter_card":"summary_large_image","twitter_misc":{"Est. reading time":"3 minutes"},"schema":{"@context":"https:\/\/schema.org","@graph":[{"@type":"WebPage","@id":"https:\/\/7bet.co.uk\/blog\/uefa-champions-league-standings\/","url":"https:\/\/7bet.co.uk\/blog\/uefa-champions-league-standings\/","name":"UEFA Champions League Standings - 7bet","isPartOf":{"@id":"https:\/\/7bet.co.uk\/blog\/#website"},"primaryImageOfPage":{"@id":"https:\/\/7bet.co.uk\/blog\/uefa-champions-league-standings\/#primaryimage"},"image":{"@id":"https:\/\/7bet.co.uk\/blog\/uefa-champions-league-standings\/#primaryimage"},"thumbnailUrl":"","datePublished":"2023-09-22T10:04:03+00:00","dateModified":"2025-09-18T09:20:13+00:00","description":"Follow the 2025\/26 UEFA Champions League standings. Track all 36 teams in the new league phase, live table updates, results, and knockout race.","breadcrumb":{"@id":"https:\/\/7bet.co.uk\/blog\/uefa-champions-league-standings\/#breadcrumb"},"inLanguage":"en-US","potentialAction":[{"@type":"ReadAction","target":["https:\/\/7bet.co.uk\/blog\/uefa-champions-league-standings\/"]}]},{"@type":"ImageObject","inLanguage":"en-US","@id":"https:\/\/7bet.co.uk\/blog\/uefa-champions-league-standings\/#primaryimage","url":"","contentUrl":""},{"@type":"BreadcrumbList","@id":"https:\/\/7bet.co.uk\/blog\/uefa-champions-league-standings\/#breadcrumb","itemListElement":[{"@type":"ListItem","position":1,"name":"Home","item":"https:\/\/7bet.co.uk\/blog\/"},{"@type":"ListItem","position":2,"name":"UEFA Champions League \u2013 Standings"}]},{"@type":"WebSite","@id":"https:\/\/7bet.co.uk\/blog\/#website","url":"https:\/\/7bet.co.uk\/blog\/","name":"7bet blog","description":"","potentialAction":[{"@type":"SearchAction","target":{"@type":"EntryPoint","urlTemplate":"https:\/\/7bet.co.uk\/blog\/?s={search_term_string}"},"query-input":{"@type":"PropertyValueSpecification","valueRequired":true,"valueName":"search_term_string"}}],"inLanguage":"en-US"}]}},"_links":{"self":[{"href":"https:\/\/7bet.co.uk\/blog\/wp-json\/wp\/v2\/pages\/11335","targetHints":{"allow":["GET"]}}],"collection":[{"href":"https:\/\/7bet.co.uk\/blog\/wp-json\/wp\/v2\/pages"}],"about":[{"href":"https:\/\/7bet.co.uk\/blog\/wp-json\/wp\/v2\/types\/page"}],"author":[{"embeddable":true,"href":"https:\/\/7bet.co.uk\/blog\/wp-json\/wp\/v2\/users\/7"}],"replies":[{"embeddable":true,"href":"https:\/\/7bet.co.uk\/blog\/wp-json\/wp\/v2\/comments?post=11335"}],"version-history":[{"count":5,"href":"https:\/\/7bet.co.uk\/blog\/wp-json\/wp\/v2\/pages\/11335\/revisions"}],"predecessor-version":[{"id":16990,"href":"https:\/\/7bet.co.uk\/blog\/wp-json\/wp\/v2\/pages\/11335\/revisions\/16990"}],"wp:featuredmedia":[{"embeddable":true,"href":"https:\/\/7bet.co.uk\/blog\/wp-json\/"}],"wp:attachment":[{"href":"https:\/\/7bet.co.uk\/blog\/wp-json\/wp\/v2\/media?parent=11335"}],"curies":[{"name":"wp","href":"https:\/\/api.w.org\/{rel}","templated":true}]}}